{"id":12901,"date":"2025-04-15T15:05:20","date_gmt":"2025-04-15T12:05:20","guid":{"rendered":"https:\/\/idea-wood.com\/?post_type=product&#038;p=12901"},"modified":"2025-05-11T14:22:04","modified_gmt":"2025-05-11T11:22:04","slug":"naturedge-mese-masa","status":"publish","type":"product","link":"https:\/\/idea-wood.com\/en\/product\/naturedge-mese-masa\/","title":{"rendered":"Me\u015fe Do\u011fal Kenarl\u0131 Masa"},"content":{"rendered":"<p class=\"\" data-start=\"454\" data-end=\"1517\">\u00a0 Do\u011fal dayan\u0131kl\u0131l\u0131\u011f\u0131 ve estetik g\u00f6r\u00fcn\u00fcm\u00fcyle \u00f6ne \u00e7\u0131kan me\u015fe a\u011fac\u0131, bu masif masa tasar\u0131m\u0131nda do\u011fan\u0131n sa\u011flam karakterini ya\u015fam alanlar\u0131n\u0131za ta\u015f\u0131r. Do\u011fal kenarlar\u0131 korunarak \u00fcretilen bu masa, her par\u00e7ada a\u011fac\u0131n kendine \u00f6zg\u00fc damar yap\u0131s\u0131n\u0131 ve \u00e7izgilerini ortaya \u00e7\u0131kar\u0131r.<br data-start=\"740\" data-end=\"743\" \/>\u00a0 Her masa, <strong data-start=\"753\" data-end=\"780\">sipari\u015fe \u00f6zel \u00f6l\u00e7\u00fclerde<\/strong> \u00fcretilir ve ihtiyaca g\u00f6re <strong data-start=\"807\" data-end=\"852\">farkl\u0131 ah\u015fap veya metal ayak modelleriyle<\/strong> ki\u015fiselle\u015ftirilebilir. Bu sayede hem modern hem de klasik mek\u00e2nlara uyum sa\u011flayan i\u015flevsel ve estetik bir mobilya \u00e7\u00f6z\u00fcm\u00fc sunar.<br data-start=\"980\" data-end=\"983\" \/>\u00a0 Y\u00fczeyde kullan\u0131lan <strong data-start=\"1002\" data-end=\"1035\">do\u011fal i\u00e7erikli Rubio Monocoat<\/strong> ya\u011f\u0131, ah\u015fab\u0131n do\u011fal dokusunu ve rengini bozmadan maksimum koruma sa\u011flar. Rubio Monocoat, \u00e7evre dostu yap\u0131s\u0131yla ah\u015faba hem derinlemesine n\u00fcfuz eder hem de uzun \u00f6m\u00fcrl\u00fc, sa\u011fl\u0131kl\u0131 bir y\u00fczey sunar.<br data-start=\"1228\" data-end=\"1231\" \/>\u00a0 Me\u015fe a\u011fac\u0131n\u0131n g\u00fcc\u00fcn\u00fc ve s\u0131cakl\u0131\u011f\u0131n\u0131 bir araya getiren bu masa, hem ev hem de profesyonel ya\u015fam alanlar\u0131nda g\u00fcvenle ve uzun y\u0131llar kullan\u0131labilecek bir kalite sunar.<br data-start=\"1395\" data-end=\"1398\" \/><strong data-start=\"1398\" data-end=\"1411\">\u00a0 Idea-Wood<\/strong> olarak, her masay\u0131 sizin \u00f6l\u00e7\u00fclerinize, tarz\u0131n\u0131za ve kullan\u0131m ihtiya\u00e7lar\u0131n\u0131za g\u00f6re \u00f6zel olarak \u00fcretiyoruz.<\/p>","protected":false},"excerpt":{"rendered":"<p>Me\u015fe a\u011fac\u0131n\u0131n zamans\u0131z g\u00fcc\u00fc ve do\u011fal kenar formu, bu masada sade \u015f\u0131kl\u0131kla bulu\u015fuyor. Sipari\u015fe \u00f6zel \u00f6l\u00e7\u00fclerde, farkl\u0131 ayak se\u00e7enekleriyle \u00fcretilen masa, y\u00fczeyinde do\u011fal i\u00e7erikli Rubio Monocoat ile korunur.<\/p>","protected":false},"featured_media":12907,"comment_status":"closed","ping_status":"closed","template":"","meta":{"_joinchat":[]},"product_brand":[],"product_cat":[15,198],"product_tag":[],"class_list":{"0":"post-12901","1":"product","2":"type-product","3":"status-publish","4":"has-post-thumbnail","6":"product_cat-genel","7":"product_cat-masa","9":"first","10":"instock","11":"taxable","12":"shipping-taxable","13":"product-type-simple"},"_links":{"self":[{"href":"https:\/\/idea-wood.com\/en\/wp-json\/wp\/v2\/product\/12901","targetHints":{"allow":["GET"]}}],"collection":[{"href":"https:\/\/idea-wood.com\/en\/wp-json\/wp\/v2\/product"}],"about":[{"href":"https:\/\/idea-wood.com\/en\/wp-json\/wp\/v2\/types\/product"}],"replies":[{"embeddable":true,"href":"https:\/\/idea-wood.com\/en\/wp-json\/wp\/v2\/comments?post=12901"}],"version-history":[{"count":0,"href":"https:\/\/idea-wood.com\/en\/wp-json\/wp\/v2\/product\/12901\/revisions"}],"wp:featuredmedia":[{"embeddable":true,"href":"https:\/\/idea-wood.com\/en\/wp-json\/wp\/v2\/media\/12907"}],"wp:attachment":[{"href":"https:\/\/idea-wood.com\/en\/wp-json\/wp\/v2\/media?parent=12901"}],"wp:term":[{"taxonomy":"product_brand","embeddable":true,"href":"https:\/\/idea-wood.com\/en\/wp-json\/wp\/v2\/product_brand?post=12901"},{"taxonomy":"product_cat","embeddable":true,"href":"https:\/\/idea-wood.com\/en\/wp-json\/wp\/v2\/product_cat?post=12901"},{"taxonomy":"product_tag","embeddable":true,"href":"https:\/\/idea-wood.com\/en\/wp-json\/wp\/v2\/product_tag?post=12901"}],"curies":[{"name":"wp","href":"https:\/\/api.w.org\/{rel}","templated":true}]}}