{"id":13193,"date":"2025-04-24T11:23:17","date_gmt":"2025-04-24T08:23:17","guid":{"rendered":"https:\/\/idea-wood.com\/?post_type=product&#038;p=13193"},"modified":"2025-04-24T12:29:53","modified_gmt":"2025-04-24T09:29:53","slug":"ideawood-ozel-sablon-urunu-demo","status":"publish","type":"product","link":"https:\/\/idea-wood.com\/en\/product\/ideawood-ozel-sablon-urunu-demo\/","title":{"rendered":"\u0130deawood \u00d6zel \u015eablon \u00dcr\u00fcn\u00fc Demo"},"content":{"rendered":"<p>The timeless elegance of marble, the warmth of FSC\u00ae-certified solid teak, and the simplicity of a lightweight design\u2026 the Stelle cream marble and teak washbasin cabinet has everything to win you over!<\/p>\n<p>You\u2019ll appreciate the convenient towel bar and its \u201cfloating\u201d design, which adds a modern touch. Whether in the bathroom, toilet, or bedroom, this washbasin cabinet fits seamlessly into any space!<\/p>\n<p>The Stelle cream marble and teak washbasin cabinet is also available in black marble and grey marble versions.<\/p>\n<p>Highly prised in architecture and furniture design, teak is dense, moisture-resistant, and long-lasting. Its aesthetic appeal lies in its exotic elegance and a rich palette of tones ranging from light honey and bronze to deep brown with striking dark grain patterns.<\/p>","protected":false},"excerpt":{"rendered":"<p>Deneme k\u0131sa \u00fcr\u00fcn a\u00e7\u0131klama alan\u0131d\u0131r.<\/p>\n<ul>\n<li>Solid teak certified FSC<sup>\u00ae<\/sup>: Responsible forest management<\/li>\n<li>Untreated wood: authentic, natural, and warm.<\/li>\n<li>Marble: a high-quality, tough, and soft-to-touch stone.<\/li>\n<li>\u00a0Wall-mounted cabinet: easy and adjustable mounting<\/li>\n<\/ul>","protected":false},"featured_media":12998,"comment_status":"open","ping_status":"closed","template":"","meta":{"_joinchat":[]},"product_brand":[195],"product_cat":[201],"product_tag":[],"class_list":{"0":"post-13193","1":"product","2":"type-product","3":"status-publish","4":"has-post-thumbnail","6":"product_brand-idea-wood","7":"product_cat-koltuk","9":"first","10":"instock","11":"sale","12":"taxable","13":"shipping-taxable","14":"purchasable","15":"product-type-simple"},"_links":{"self":[{"href":"https:\/\/idea-wood.com\/en\/wp-json\/wp\/v2\/product\/13193","targetHints":{"allow":["GET"]}}],"collection":[{"href":"https:\/\/idea-wood.com\/en\/wp-json\/wp\/v2\/product"}],"about":[{"href":"https:\/\/idea-wood.com\/en\/wp-json\/wp\/v2\/types\/product"}],"replies":[{"embeddable":true,"href":"https:\/\/idea-wood.com\/en\/wp-json\/wp\/v2\/comments?post=13193"}],"version-history":[{"count":0,"href":"https:\/\/idea-wood.com\/en\/wp-json\/wp\/v2\/product\/13193\/revisions"}],"wp:featuredmedia":[{"embeddable":true,"href":"https:\/\/idea-wood.com\/en\/wp-json\/wp\/v2\/media\/12998"}],"wp:attachment":[{"href":"https:\/\/idea-wood.com\/en\/wp-json\/wp\/v2\/media?parent=13193"}],"wp:term":[{"taxonomy":"product_brand","embeddable":true,"href":"https:\/\/idea-wood.com\/en\/wp-json\/wp\/v2\/product_brand?post=13193"},{"taxonomy":"product_cat","embeddable":true,"href":"https:\/\/idea-wood.com\/en\/wp-json\/wp\/v2\/product_cat?post=13193"},{"taxonomy":"product_tag","embeddable":true,"href":"https:\/\/idea-wood.com\/en\/wp-json\/wp\/v2\/product_tag?post=13193"}],"curies":[{"name":"wp","href":"https:\/\/api.w.org\/{rel}","templated":true}]}}