{"id":13489,"date":"2025-04-28T14:44:59","date_gmt":"2025-04-28T11:44:59","guid":{"rendered":"https:\/\/idea-wood.com\/?post_type=product&#038;p=13489"},"modified":"2025-05-01T14:59:20","modified_gmt":"2025-05-01T11:59:20","slug":"abd-ceviz-dogal-kenarli-epoksili-masa-transparan-siyah","status":"publish","type":"product","link":"https:\/\/idea-wood.com\/en\/product\/abd-ceviz-dogal-kenarli-epoksili-masa-transparan-siyah\/","title":{"rendered":"Abd Ceviz Do\u011fal Kenarl\u0131 Epoksili Masa Transparan Siyah"},"content":{"rendered":"<p>Her bir par\u00e7as\u0131 do\u011fadan ilham al\u0131narak \u00f6zenle se\u00e7ilen Amerikan ceviz a\u011fac\u0131ndan \u00fcretilen \u015eeffaf Epoksili Masif Masa, mekan\u0131n\u0131za do\u011fall\u0131k ve \u015f\u0131kl\u0131k getiriyor. \u00d6zg\u00fcn damar yap\u0131s\u0131 ve s\u0131cak kahverengi tonlar\u0131yla ceviz a\u011fac\u0131, estetik bir zemin olu\u015ftururken, \u015feffaf epoksi uygulamas\u0131 sayesinde do\u011fal formlar korunarak modern bir dokunu\u015f ekleniyor.<br data-start=\"721\" data-end=\"724\" \/>\u00dcr\u00fcn\u00fcm\u00fcz, el i\u015f\u00e7ili\u011fi ile \u00f6zenle i\u015flenmi\u015f olup dayan\u0131kl\u0131l\u0131\u011f\u0131 ve uzun \u00f6m\u00fcrl\u00fc kullan\u0131m\u0131 ile fark yarat\u0131r. Evinizde, ofisinizde ya da toplant\u0131 alanlar\u0131n\u0131zda g\u00fc\u00e7l\u00fc bir atmosfer yaratmak i\u00e7in ideal bir se\u00e7imdir.<\/p>\n<p>Idea-Wood kalitesiyle \u00fcretilen bu masa, zamans\u0131z tasar\u0131m\u0131 ve do\u011fal g\u00fczelli\u011fiyle ya\u015fam alanlar\u0131n\u0131z\u0131 zenginle\u015ftirir.<\/p>\n<p>-Do\u011fal kenar masif amerikan ceviz tabla, epoksisi transparan siyah ve ortada dere \u015feklindedir<\/p>\n<p>-F\u0131r\u0131n kurusu 1.s\u0131n\u0131f keresteden imal edilmi\u015ftir<\/p>\n<p>-Do\u011fal Rubio Monocoat ya\u011f ile ya\u011flanm\u0131\u015f ah\u015fap y\u00fczey<\/p>\n<p>-Statik boyal\u0131 profil metal ayak<\/p>\n<p>-\u0130stenilen ebata, ah\u015fap cinsine ve epoksi rengine g\u00f6re yenisi \u00fcretilebilir<\/p>\n<p>-\u00dcr\u00fcnlerin g\u00f6r\u00fcn\u00fc\u015f\u00fc her masada farkl\u0131 ve ki\u015fiye \u00f6zeldir, ancak genel karakterleri ayn\u0131d\u0131r.<\/p>","protected":false},"excerpt":{"rendered":"<p>Do\u011fan\u0131n zarafetini modern tasar\u0131mla bulu\u015fturan Amerikan Ceviz \u015eeffaf Epoksili Masif Masa, her mek\u00e2na s\u0131cakl\u0131k ve karakter kat\u0131yor. \u015eeffaf epoksi detaylar\u0131yla benzersiz bir g\u00f6rsellik sunar.<\/p>","protected":false},"featured_media":13491,"comment_status":"open","ping_status":"closed","template":"","meta":{"_joinchat":[]},"product_brand":[195],"product_cat":[15,198,229],"product_tag":[249,248,250,244,243],"class_list":{"0":"post-13489","1":"product","2":"type-product","3":"status-publish","4":"has-post-thumbnail","6":"product_brand-idea-wood","7":"product_cat-genel","8":"product_cat-masa","9":"product_cat-masa-epoksi","10":"product_tag-amerikan","11":"product_tag-ceviz","12":"product_tag-epoksi","13":"product_tag-masa","14":"product_tag-masif","16":"first","17":"instock","18":"taxable","19":"shipping-taxable","20":"product-type-simple"},"_links":{"self":[{"href":"https:\/\/idea-wood.com\/en\/wp-json\/wp\/v2\/product\/13489","targetHints":{"allow":["GET"]}}],"collection":[{"href":"https:\/\/idea-wood.com\/en\/wp-json\/wp\/v2\/product"}],"about":[{"href":"https:\/\/idea-wood.com\/en\/wp-json\/wp\/v2\/types\/product"}],"replies":[{"embeddable":true,"href":"https:\/\/idea-wood.com\/en\/wp-json\/wp\/v2\/comments?post=13489"}],"version-history":[{"count":0,"href":"https:\/\/idea-wood.com\/en\/wp-json\/wp\/v2\/product\/13489\/revisions"}],"wp:featuredmedia":[{"embeddable":true,"href":"https:\/\/idea-wood.com\/en\/wp-json\/wp\/v2\/media\/13491"}],"wp:attachment":[{"href":"https:\/\/idea-wood.com\/en\/wp-json\/wp\/v2\/media?parent=13489"}],"wp:term":[{"taxonomy":"product_brand","embeddable":true,"href":"https:\/\/idea-wood.com\/en\/wp-json\/wp\/v2\/product_brand?post=13489"},{"taxonomy":"product_cat","embeddable":true,"href":"https:\/\/idea-wood.com\/en\/wp-json\/wp\/v2\/product_cat?post=13489"},{"taxonomy":"product_tag","embeddable":true,"href":"https:\/\/idea-wood.com\/en\/wp-json\/wp\/v2\/product_tag?post=13489"}],"curies":[{"name":"wp","href":"https:\/\/api.w.org\/{rel}","templated":true}]}}