{"id":13656,"date":"2025-05-01T14:53:30","date_gmt":"2025-05-01T11:53:30","guid":{"rendered":"https:\/\/idea-wood.com\/?post_type=product&#038;p=13656"},"modified":"2025-05-11T14:48:55","modified_gmt":"2025-05-11T11:48:55","slug":"13656","status":"publish","type":"product","link":"https:\/\/idea-wood.com\/en\/product\/13656\/","title":{"rendered":"Afrika Cevizi Mark\u00fcteri Desenli Masa"},"content":{"rendered":"<p class=\"\" data-start=\"330\" data-end=\"1231\">\u00a0 \u00a0Afrika\u2019n\u0131n tropikal ormanlar\u0131nda yeti\u015fen Ovengkol (Afrika cevizi), kendine \u00f6zg\u00fc koyu damarlar\u0131 ve s\u0131cak tonlar\u0131yla dikkat \u00e7eker. Bu epoksisiz masa modeli, yaln\u0131zca a\u011fac\u0131n do\u011fal yap\u0131s\u0131n\u0131 de\u011fil, ayn\u0131 zamanda geleneksel el i\u015f\u00e7ili\u011fiyle haz\u0131rlanm\u0131\u015f <strong data-start=\"595\" data-end=\"618\">mark\u00fcteri desenleri<\/strong>yle sanatsal bir derinlik sunar.<br data-start=\"650\" data-end=\"653\" \/>Mark\u00fcteri tekni\u011fiyle olu\u015fturulan y\u00fczey desenleri, farkl\u0131 ah\u015fap tonlar\u0131n\u0131n bir araya gelmesiyle estetik bir b\u00fct\u00fcnl\u00fck yakalar ve her masay\u0131 tek ve \u00f6zg\u00fcn bir par\u00e7aya d\u00f6n\u00fc\u015ft\u00fcr\u00fcr.<br data-start=\"827\" data-end=\"830\" \/>Epoksi kullan\u0131lmadan \u00fcretilmi\u015f bu masa, do\u011fall\u0131\u011f\u0131n ve zarafetin birle\u015fimidir. Masif g\u00f6vde yap\u0131s\u0131, uzun y\u0131llar kullan\u0131m sa\u011flayacak dayan\u0131kl\u0131l\u0131\u011f\u0131 garanti eder.<br data-start=\"987\" data-end=\"990\" data-is-only-node=\"\" \/>Hem klasik hem \u00e7a\u011fda\u015f mek\u00e2nlarda kendine yer bulan bu masa, sadece bir mobilya de\u011fil; ya\u015fam alan\u0131n\u0131za karakter kazand\u0131ran bir tasar\u0131m \u00f6\u011fesidir.<\/p>\n<p class=\"\" data-start=\"330\" data-end=\"1231\">Idea-Wood kalitesiyle sunulan bu \u00f6zel Ovengkol masa, hem do\u011fay\u0131 hem de sanat\u0131 ya\u015fam\u0131n\u0131za ta\u015f\u0131r.<\/p>\n<p class=\"\" data-start=\"330\" data-end=\"1231\">-D\u00fcz kenarl\u0131 masif ceviz tabla, Par\u00e7al\u0131 a\u011fa\u00e7lardan mark\u00fcteri \u015feklinde desen verilmi\u015ftir<\/p>\n<p>-F\u0131r\u0131n kurusu 1.s\u0131n\u0131f keresteden imal edilmi\u015ftir<\/p>\n<p>-Do\u011fal Rubio Monocoat ya\u011f ile ya\u011flanm\u0131\u015f ah\u015fap y\u00fczey<\/p>\n<p>-Se\u00e7ece\u011finiz ah\u015fap veya metal ayak ileimal edilebilir<\/p>\n<p>-\u0130stenilen ebata, ah\u015fap cinsine g\u00f6re yenisi \u00fcretilebilir<\/p>\n<p>-\u00dcr\u00fcnlerin g\u00f6r\u00fcn\u00fc\u015f\u00fc her masada farkl\u0131 ve ki\u015fiye \u00f6zeldir, ancak genel karakterleri ayn\u0131d\u0131r.<\/p>","protected":false},"excerpt":{"rendered":"<p>Afrika cevizi (Ovengkol) a\u011fac\u0131n\u0131n do\u011fal ihti\u015fam\u0131, geleneksel mark\u00fcteri sanat\u0131yla bulu\u015fuyor. Bu \u00f6zel masa, ustal\u0131kla i\u015flenmi\u015f desenleri ve e\u015fsiz dokusuyla g\u00f6z al\u0131c\u0131 bir \u015f\u0131kl\u0131k sunar.<\/p>","protected":false},"featured_media":13657,"comment_status":"open","ping_status":"closed","template":"","meta":{"_joinchat":[]},"product_brand":[195],"product_cat":[15,223,198],"product_tag":[248,244,243],"class_list":{"0":"post-13656","1":"product","2":"type-product","3":"status-publish","4":"has-post-thumbnail","6":"product_brand-idea-wood","7":"product_cat-genel","8":"product_cat-masa-cafe-restaurant","9":"product_cat-masa","10":"product_tag-ceviz","11":"product_tag-masa","12":"product_tag-masif","14":"first","15":"instock","16":"taxable","17":"shipping-taxable","18":"product-type-simple"},"_links":{"self":[{"href":"https:\/\/idea-wood.com\/en\/wp-json\/wp\/v2\/product\/13656","targetHints":{"allow":["GET"]}}],"collection":[{"href":"https:\/\/idea-wood.com\/en\/wp-json\/wp\/v2\/product"}],"about":[{"href":"https:\/\/idea-wood.com\/en\/wp-json\/wp\/v2\/types\/product"}],"replies":[{"embeddable":true,"href":"https:\/\/idea-wood.com\/en\/wp-json\/wp\/v2\/comments?post=13656"}],"version-history":[{"count":0,"href":"https:\/\/idea-wood.com\/en\/wp-json\/wp\/v2\/product\/13656\/revisions"}],"wp:featuredmedia":[{"embeddable":true,"href":"https:\/\/idea-wood.com\/en\/wp-json\/wp\/v2\/media\/13657"}],"wp:attachment":[{"href":"https:\/\/idea-wood.com\/en\/wp-json\/wp\/v2\/media?parent=13656"}],"wp:term":[{"taxonomy":"product_brand","embeddable":true,"href":"https:\/\/idea-wood.com\/en\/wp-json\/wp\/v2\/product_brand?post=13656"},{"taxonomy":"product_cat","embeddable":true,"href":"https:\/\/idea-wood.com\/en\/wp-json\/wp\/v2\/product_cat?post=13656"},{"taxonomy":"product_tag","embeddable":true,"href":"https:\/\/idea-wood.com\/en\/wp-json\/wp\/v2\/product_tag?post=13656"}],"curies":[{"name":"wp","href":"https:\/\/api.w.org\/{rel}","templated":true}]}}