{"id":13664,"date":"2025-05-01T14:59:40","date_gmt":"2025-05-01T11:59:40","guid":{"rendered":"https:\/\/idea-wood.com\/?post_type=product&#038;p=13664"},"modified":"2025-05-11T14:49:10","modified_gmt":"2025-05-11T11:49:10","slug":"afrika-zeytini-dogal-kenarli-yekpare-masa","status":"publish","type":"product","link":"https:\/\/idea-wood.com\/en\/product\/afrika-zeytini-dogal-kenarli-yekpare-masa\/","title":{"rendered":"Afrika Zeytini Do\u011fal Kenarl\u0131 Yekpare Masa"},"content":{"rendered":"<p class=\"\" data-start=\"330\" data-end=\"1231\">\u00a0 \u00a0Afrika\u2019n\u0131n tropikal ormanlar\u0131nda yeti\u015fen Afrika zeytinii, kendine \u00f6zg\u00fc koyu damarlar\u0131 ve s\u0131cak tonlar\u0131yla dikkat \u00e7eker. Bu epoksisiz masa modeli, yaln\u0131zca a\u011fac\u0131n do\u011fal yap\u0131s\u0131n\u0131 de\u011fil, ayn\u0131 zamanda geleneksel el i\u015f\u00e7ili\u011fiyle haz\u0131rlanm\u0131\u015f e\u015f\u015fiz desenleriyle\u00a0sanatsal bir derinlik sunar.<br data-start=\"650\" data-end=\"653\" \/>Mark\u00fcteri tekni\u011fiyle olu\u015fturulan y\u00fczey desenleri, farkl\u0131 ah\u015fap tonlar\u0131n\u0131n bir araya gelmesiyle estetik bir b\u00fct\u00fcnl\u00fck yakalar ve her masay\u0131 tek ve \u00f6zg\u00fcn bir par\u00e7aya d\u00f6n\u00fc\u015ft\u00fcr\u00fcr.<br data-start=\"827\" data-end=\"830\" \/>Epoksi kullan\u0131lmadan \u00fcretilmi\u015f bu masa, do\u011fall\u0131\u011f\u0131n ve zarafetin birle\u015fimidir. Masif g\u00f6vde yap\u0131s\u0131, uzun y\u0131llar kullan\u0131m sa\u011flayacak dayan\u0131kl\u0131l\u0131\u011f\u0131 garanti eder.<br data-start=\"987\" data-end=\"990\" data-is-only-node=\"\" \/>Hem klasik hem \u00e7a\u011fda\u015f mek\u00e2nlarda kendine yer bulan bu masa, sadece bir mobilya de\u011fil; ya\u015fam alan\u0131n\u0131za karakter kazand\u0131ran bir tasar\u0131m \u00f6\u011fesidir.<\/p>\n<p class=\"\" data-start=\"330\" data-end=\"1231\">Idea-Wood kalitesiyle sunulan bu \u00f6zel Afrika Zeytini masa, hem do\u011fay\u0131 hem de sanat\u0131 ya\u015fam\u0131n\u0131za ta\u015f\u0131r.<\/p>\n<p class=\"\" data-start=\"330\" data-end=\"1231\">-Do\u011fal kenarl\u0131 ve tek par\u00e7a bir a\u011fa\u00e7tan tablas\u0131 vard\u0131r<\/p>\n<p>-F\u0131r\u0131n kurusu 1.s\u0131n\u0131f keresteden imal edilmi\u015ftir<\/p>\n<p>-Do\u011fal Rubio Monocoat ya\u011f ile ya\u011flanm\u0131\u015f ah\u015fap y\u00fczey<\/p>\n<p>-Se\u00e7ece\u011finiz ah\u015fap veya metal ayak ile imal edilebilir<\/p>\n<p>-\u0130stenilen ebata, ah\u015fap cinsine g\u00f6re yenisi \u00fcretilebilir<\/p>\n<p>-\u00dcr\u00fcnlerin g\u00f6r\u00fcn\u00fc\u015f\u00fc her masada farkl\u0131 ve ki\u015fiye \u00f6zeldir, ancak genel karakterleri ayn\u0131d\u0131r.<\/p>","protected":false},"excerpt":{"rendered":"<p>Afrika Zeytin a\u011fac\u0131n\u0131n g\u00fc\u00e7l\u00fc karakteriyle tasarlanan bu masif masa, do\u011fal renk ge\u00e7i\u015fleri ve etkileyici dokusuyla her ortamda dikkat \u00e7eken bir duru\u015f sergiler.<\/p>","protected":false},"featured_media":13675,"comment_status":"open","ping_status":"closed","template":"","meta":{"_joinchat":[]},"product_brand":[195],"product_cat":[15,223,198],"product_tag":[248,244,243,251],"class_list":{"0":"post-13664","1":"product","2":"type-product","3":"status-publish","4":"has-post-thumbnail","6":"product_brand-idea-wood","7":"product_cat-genel","8":"product_cat-masa-cafe-restaurant","9":"product_cat-masa","10":"product_tag-ceviz","11":"product_tag-masa","12":"product_tag-masif","13":"product_tag-zeytin","15":"first","16":"instock","17":"taxable","18":"shipping-taxable","19":"product-type-simple"},"_links":{"self":[{"href":"https:\/\/idea-wood.com\/en\/wp-json\/wp\/v2\/product\/13664","targetHints":{"allow":["GET"]}}],"collection":[{"href":"https:\/\/idea-wood.com\/en\/wp-json\/wp\/v2\/product"}],"about":[{"href":"https:\/\/idea-wood.com\/en\/wp-json\/wp\/v2\/types\/product"}],"replies":[{"embeddable":true,"href":"https:\/\/idea-wood.com\/en\/wp-json\/wp\/v2\/comments?post=13664"}],"version-history":[{"count":0,"href":"https:\/\/idea-wood.com\/en\/wp-json\/wp\/v2\/product\/13664\/revisions"}],"wp:featuredmedia":[{"embeddable":true,"href":"https:\/\/idea-wood.com\/en\/wp-json\/wp\/v2\/media\/13675"}],"wp:attachment":[{"href":"https:\/\/idea-wood.com\/en\/wp-json\/wp\/v2\/media?parent=13664"}],"wp:term":[{"taxonomy":"product_brand","embeddable":true,"href":"https:\/\/idea-wood.com\/en\/wp-json\/wp\/v2\/product_brand?post=13664"},{"taxonomy":"product_cat","embeddable":true,"href":"https:\/\/idea-wood.com\/en\/wp-json\/wp\/v2\/product_cat?post=13664"},{"taxonomy":"product_tag","embeddable":true,"href":"https:\/\/idea-wood.com\/en\/wp-json\/wp\/v2\/product_tag?post=13664"}],"curies":[{"name":"wp","href":"https:\/\/api.w.org\/{rel}","templated":true}]}}