{"id":13678,"date":"2025-05-01T15:05:23","date_gmt":"2025-05-01T12:05:23","guid":{"rendered":"https:\/\/idea-wood.com\/?post_type=product&#038;p=13678"},"modified":"2025-05-11T14:49:22","modified_gmt":"2025-05-11T11:49:22","slug":"avrupa-ceviz-dogal-kenarli-masa","status":"publish","type":"product","link":"https:\/\/idea-wood.com\/en\/product\/avrupa-ceviz-dogal-kenarli-masa\/","title":{"rendered":"Avrupa Ceviz Do\u011fal Kenarl\u0131 Masa"},"content":{"rendered":"<p>Se\u00e7kin Avrupa ceviz a\u011fa\u00e7lar\u0131ndan \u00fcretilen bu masif masa, do\u011fal g\u00fczellik ve kaliteyi ya\u015fam alanlar\u0131n\u0131za ta\u015f\u0131yor. \u0130nce damar yap\u0131s\u0131 ve zarif renk ge\u00e7i\u015fleriyle ceviz, mek\u00e2n\u0131n\u0131za hem s\u0131cak hem de sofistike bir hava katar.<br data-start=\"534\" data-end=\"537\" \/>Tamamen do\u011fal masif ah\u015faptan \u00fcretilen bu modelde epoksi kullan\u0131lmam\u0131\u015f olup, a\u011fac\u0131n kendi karakteristik dokusu ve do\u011fal formu \u00f6n planda tutulmu\u015ftur.<br data-start=\"684\" data-end=\"687\" \/>Usta i\u015f\u00e7ilikle hayat bulan masa, uzun y\u0131llar ilk g\u00fcnk\u00fc gibi kullan\u0131labilecek dayan\u0131kl\u0131l\u0131\u011fa sahiptir. Ev, ofis ya da sosyal alanlar i\u00e7in \u015f\u0131k, sade ve do\u011fal bir tercih arayanlar i\u00e7in ideal bir se\u00e7imdir.<\/p>\n<p>Idea-Wood fark\u0131yla sunulan Avrupa Cevizi Masif Masa, ya\u015fam alanlar\u0131n\u0131za estetik ve do\u011fal bir zarafet kazand\u0131r\u0131r.<\/p>\n<p>-Do\u011fal kenar masif Avrupa ceviz tabla<\/p>\n<p>-F\u0131r\u0131n kurusu 1.s\u0131n\u0131f keresteden imal edilmi\u015ftir<\/p>\n<p>-Do\u011fal Rubio Monocoat ya\u011f ile ya\u011flanm\u0131\u015f ah\u015fap y\u00fczey<\/p>\n<p>-Statik boyal\u0131 profil metal ayak<\/p>\n<p>-\u0130stenilen ebata, ah\u015fap cinsine g\u00f6re yenisi \u00fcretilebilir<\/p>\n<p>-\u00dcr\u00fcnlerin g\u00f6r\u00fcn\u00fc\u015f\u00fc her masada farkl\u0131 ve ki\u015fiye \u00f6zeldir, ancak genel karakterleri ayn\u0131d\u0131r.<\/p>","protected":false},"excerpt":{"rendered":"<p>Cevizin zarif dokusuyla \u015fekillenen bu masif masa, do\u011fall\u0131\u011f\u0131 ve zamans\u0131z \u015f\u0131kl\u0131\u011f\u0131 bir araya getirerek her mek\u00e2nda s\u0131cak ve sofistike bir atmosfer yarat\u0131yor.<\/p>","protected":false},"featured_media":13683,"comment_status":"open","ping_status":"closed","template":"","meta":{"_joinchat":[]},"product_brand":[195],"product_cat":[15,223,198],"product_tag":[247,248,246,245,244,243],"class_list":{"0":"post-13678","1":"product","2":"type-product","3":"status-publish","4":"has-post-thumbnail","6":"product_brand-idea-wood","7":"product_cat-genel","8":"product_cat-masa-cafe-restaurant","9":"product_cat-masa","10":"product_tag-ahsap","11":"product_tag-ceviz","12":"product_tag-dogal","13":"product_tag-kutuk","14":"product_tag-masa","15":"product_tag-masif","17":"first","18":"instock","19":"taxable","20":"shipping-taxable","21":"product-type-simple"},"_links":{"self":[{"href":"https:\/\/idea-wood.com\/en\/wp-json\/wp\/v2\/product\/13678","targetHints":{"allow":["GET"]}}],"collection":[{"href":"https:\/\/idea-wood.com\/en\/wp-json\/wp\/v2\/product"}],"about":[{"href":"https:\/\/idea-wood.com\/en\/wp-json\/wp\/v2\/types\/product"}],"replies":[{"embeddable":true,"href":"https:\/\/idea-wood.com\/en\/wp-json\/wp\/v2\/comments?post=13678"}],"version-history":[{"count":0,"href":"https:\/\/idea-wood.com\/en\/wp-json\/wp\/v2\/product\/13678\/revisions"}],"wp:featuredmedia":[{"embeddable":true,"href":"https:\/\/idea-wood.com\/en\/wp-json\/wp\/v2\/media\/13683"}],"wp:attachment":[{"href":"https:\/\/idea-wood.com\/en\/wp-json\/wp\/v2\/media?parent=13678"}],"wp:term":[{"taxonomy":"product_brand","embeddable":true,"href":"https:\/\/idea-wood.com\/en\/wp-json\/wp\/v2\/product_brand?post=13678"},{"taxonomy":"product_cat","embeddable":true,"href":"https:\/\/idea-wood.com\/en\/wp-json\/wp\/v2\/product_cat?post=13678"},{"taxonomy":"product_tag","embeddable":true,"href":"https:\/\/idea-wood.com\/en\/wp-json\/wp\/v2\/product_tag?post=13678"}],"curies":[{"name":"wp","href":"https:\/\/api.w.org\/{rel}","templated":true}]}}