{"id":13746,"date":"2025-05-11T16:18:07","date_gmt":"2025-05-11T13:18:07","guid":{"rendered":"https:\/\/idea-wood.com\/?post_type=product&#038;p=13746"},"modified":"2025-05-11T16:18:07","modified_gmt":"2025-05-11T13:18:07","slug":"ceviz-dogal-kenarli-epoksili-masa-metalik-yesil","status":"publish","type":"product","link":"https:\/\/idea-wood.com\/en\/product\/ceviz-dogal-kenarli-epoksili-masa-metalik-yesil\/","title":{"rendered":"Ceviz Do\u011fal Kenarl\u0131 Epoksili Masa Metalik Ye\u015fil"},"content":{"rendered":"","protected":false},"excerpt":{"rendered":"","protected":false},"featured_media":13747,"comment_status":"open","ping_status":"closed","template":"","meta":{"_joinchat":[]},"product_brand":[],"product_cat":[15,198,229],"product_tag":[],"class_list":{"0":"post-13746","1":"product","2":"type-product","3":"status-publish","4":"has-post-thumbnail","6":"product_cat-genel","7":"product_cat-masa","8":"product_cat-masa-epoksi","10":"first","11":"instock","12":"taxable","13":"shipping-taxable","14":"product-type-simple"},"_links":{"self":[{"href":"https:\/\/idea-wood.com\/en\/wp-json\/wp\/v2\/product\/13746","targetHints":{"allow":["GET"]}}],"collection":[{"href":"https:\/\/idea-wood.com\/en\/wp-json\/wp\/v2\/product"}],"about":[{"href":"https:\/\/idea-wood.com\/en\/wp-json\/wp\/v2\/types\/product"}],"replies":[{"embeddable":true,"href":"https:\/\/idea-wood.com\/en\/wp-json\/wp\/v2\/comments?post=13746"}],"version-history":[{"count":0,"href":"https:\/\/idea-wood.com\/en\/wp-json\/wp\/v2\/product\/13746\/revisions"}],"wp:featuredmedia":[{"embeddable":true,"href":"https:\/\/idea-wood.com\/en\/wp-json\/wp\/v2\/media\/13747"}],"wp:attachment":[{"href":"https:\/\/idea-wood.com\/en\/wp-json\/wp\/v2\/media?parent=13746"}],"wp:term":[{"taxonomy":"product_brand","embeddable":true,"href":"https:\/\/idea-wood.com\/en\/wp-json\/wp\/v2\/product_brand?post=13746"},{"taxonomy":"product_cat","embeddable":true,"href":"https:\/\/idea-wood.com\/en\/wp-json\/wp\/v2\/product_cat?post=13746"},{"taxonomy":"product_tag","embeddable":true,"href":"https:\/\/idea-wood.com\/en\/wp-json\/wp\/v2\/product_tag?post=13746"}],"curies":[{"name":"wp","href":"https:\/\/api.w.org\/{rel}","templated":true}]}}