{"id":14148,"date":"2026-04-22T10:00:35","date_gmt":"2026-04-22T07:00:35","guid":{"rendered":"https:\/\/idea-wood.com\/?post_type=product&#038;p=14148"},"modified":"2026-04-22T10:03:09","modified_gmt":"2026-04-22T07:03:09","slug":"mil-cow-bench","status":"publish","type":"product","link":"https:\/\/idea-wood.com\/en\/product\/mil-cow-bench\/","title":{"rendered":"Mil Cow Bench"},"content":{"rendered":"<p><strong>Mil Cow Me\u015fe Bench<br \/>\n<\/strong><\/p>\n<p>F\u0131r\u0131nlanm\u0131\u015f Me\u015fe A\u011fac\u0131n\u0131n havas\u0131n\u0131 hissedin.<\/p>\n<p>Do\u011fal ah\u015fap \u00fcr\u00fcn\u00fcn s\u0131cakl\u0131\u011f\u0131n\u0131 evinize ta\u015f\u0131mak istiyoruz.<\/p>\n<p><strong><br \/>\n\u00dcr\u00fcn \u00d6l\u00e7\u00fcleri:<\/strong><\/p>\n<p>Boy: 200<\/p>\n<p>Derinlik: 50<br \/>\n<strong><br \/>\nB\u0130LG\u0130LEND\u0130RME:<\/strong>\u00a0Ki\u015fiye \u00f6zel \u00f6l\u00e7\u00fc ve modellerde \u00fcretim i\u00e7in bizimle ileti\u015fime ge\u00e7ebilirsiniz.<\/p>\n<p><strong>\u00dcr\u00fcn Bilgisi:<\/strong><br \/>\nF\u0131r\u0131nlanm\u0131\u015f %100 Me\u015fe a\u011fac\u0131ndan iskelet ve ayak<br \/>\nKimyasal i\u00e7ermeyen \u00f6zel do\u011fal ya\u011f ile koruma<\/p>\n<p><strong><br \/>\nTeslimat:<\/strong><\/p>\n<p>Ankara i\u00e7i \u00fccretsiz teslimat ve kurulum avantaj\u0131 ile sizlere hizmet veriyoruz.<\/p>\n<p>Sizlere \u00f6zel \u00fcretimimiz ile sadece 4-6 Hafta ile hayalinize kavu\u015fturuyoruz.<\/p>\n<p><strong>\u00a0<\/strong><\/p>","protected":false},"excerpt":{"rendered":"<p>Mil Cow Me\u015fe Bench F\u0131r\u0131nlanm\u0131\u015f Me\u015fe A\u011fac\u0131n\u0131n havas\u0131n\u0131 hissedin. Do\u011fal ah\u015fap \u00fcr\u00fcn\u00fcn s\u0131cakl\u0131\u011f\u0131n\u0131 evinize ta\u015f\u0131mak istiyoruz. \u00dcr\u00fcn \u00d6l\u00e7\u00fcleri: Boy: 200 Derinlik: 50 B\u0130LG\u0130LEND\u0130RME:\u00a0Ki\u015fiye \u00f6zel \u00f6l\u00e7\u00fc ve modellerde \u00fcretim i\u00e7in bizimle ileti\u015fime ge\u00e7ebilirsiniz. \u00dcr\u00fcn Bilgisi: F\u0131r\u0131nlanm\u0131\u015f %100 Me\u015fe a\u011fac\u0131ndan iskelet ve ayak Kimyasal i\u00e7ermeyen \u00f6zel do\u011fal ya\u011f ile koruma Teslimat: Ankara i\u00e7i \u00fccretsiz teslimat ve kurulum [&hellip;]<\/p>","protected":false},"featured_media":14149,"comment_status":"open","ping_status":"closed","template":"","meta":{"_joinchat":[]},"product_brand":[],"product_cat":[200],"product_tag":[],"class_list":{"0":"post-14148","1":"product","2":"type-product","3":"status-publish","4":"has-post-thumbnail","6":"product_cat-bank-bench","8":"first","9":"instock","10":"taxable","11":"shipping-taxable","12":"product-type-simple"},"_links":{"self":[{"href":"https:\/\/idea-wood.com\/en\/wp-json\/wp\/v2\/product\/14148","targetHints":{"allow":["GET"]}}],"collection":[{"href":"https:\/\/idea-wood.com\/en\/wp-json\/wp\/v2\/product"}],"about":[{"href":"https:\/\/idea-wood.com\/en\/wp-json\/wp\/v2\/types\/product"}],"replies":[{"embeddable":true,"href":"https:\/\/idea-wood.com\/en\/wp-json\/wp\/v2\/comments?post=14148"}],"version-history":[{"count":4,"href":"https:\/\/idea-wood.com\/en\/wp-json\/wp\/v2\/product\/14148\/revisions"}],"predecessor-version":[{"id":14153,"href":"https:\/\/idea-wood.com\/en\/wp-json\/wp\/v2\/product\/14148\/revisions\/14153"}],"wp:featuredmedia":[{"embeddable":true,"href":"https:\/\/idea-wood.com\/en\/wp-json\/wp\/v2\/media\/14149"}],"wp:attachment":[{"href":"https:\/\/idea-wood.com\/en\/wp-json\/wp\/v2\/media?parent=14148"}],"wp:term":[{"taxonomy":"product_brand","embeddable":true,"href":"https:\/\/idea-wood.com\/en\/wp-json\/wp\/v2\/product_brand?post=14148"},{"taxonomy":"product_cat","embeddable":true,"href":"https:\/\/idea-wood.com\/en\/wp-json\/wp\/v2\/product_cat?post=14148"},{"taxonomy":"product_tag","embeddable":true,"href":"https:\/\/idea-wood.com\/en\/wp-json\/wp\/v2\/product_tag?post=14148"}],"curies":[{"name":"wp","href":"https:\/\/api.w.org\/{rel}","templated":true}]}}