{"id":14213,"date":"2026-04-29T09:12:40","date_gmt":"2026-04-29T06:12:40","guid":{"rendered":"https:\/\/idea-wood.com\/?post_type=product&#038;p=14213"},"modified":"2026-04-29T09:13:24","modified_gmt":"2026-04-29T06:13:24","slug":"x-kitaplik","status":"publish","type":"product","link":"https:\/\/idea-wood.com\/en\/product\/x-kitaplik\/","title":{"rendered":"X K\u0130TAPLIK"},"content":{"rendered":"<p><strong>X ME\u015eE K\u0130TAPLIK<\/strong><\/p>\n<p>Me\u015fe A\u011fac\u0131n\u0131n verdi\u011fi Premium ve Estetik \u015f\u0131kl\u0131k bir arada.<\/p>\n<p>Do\u011fal ah\u015fap \u00fcr\u00fcn\u00fcn s\u0131cakl\u0131\u011f\u0131n\u0131 evinize ta\u015f\u0131mak istiyoruz.<\/p>\n<p><strong><br \/>\n\u00dcr\u00fcn \u00d6l\u00e7\u00fcleri:<\/strong><\/p>\n<p>Boy: 220<\/p>\n<p>Geni\u015flik: 120<\/p>\n<p>Derinlik: 50<br \/>\n<strong><br \/>\nB\u0130LG\u0130LEND\u0130RME:<\/strong>\u00a0Ki\u015fiye \u00f6zel \u00f6l\u00e7\u00fc ve modellerde \u00fcretim i\u00e7in bizimle ileti\u015fime ge\u00e7ebilirsiniz.<\/p>\n<p><strong>\u00dcr\u00fcn Bilgisi:<\/strong><br \/>\nF\u0131r\u0131nlanm\u0131\u015f %100 Me\u015fe A\u011fac\u0131ndan Raflar.<br \/>\nMetal kasa ve \u00e7er\u00e7eve.<br \/>\nKimyasal i\u00e7ermeyen \u00f6zel do\u011fal ya\u011f ile koruma<\/p>\n<p><strong><br \/>\nTeslimat:<\/strong><\/p>\n<p>Ankara i\u00e7i \u00fccretsiz teslimat ve kurulum avantaj\u0131 ile sizlere hizmet veriyoruz.<\/p>\n<p>Sizlere \u00f6zel \u00fcretimimiz ile sadece 4-6 Hafta ile hayalinize kavu\u015fturuyoruz.<\/p>","protected":false},"excerpt":{"rendered":"<p>X ME\u015eE K\u0130TAPLIK Me\u015fe A\u011fac\u0131n\u0131n verdi\u011fi Premium ve Estetik \u015f\u0131kl\u0131k bir arada. Do\u011fal ah\u015fap \u00fcr\u00fcn\u00fcn s\u0131cakl\u0131\u011f\u0131n\u0131 evinize ta\u015f\u0131mak istiyoruz. \u00dcr\u00fcn \u00d6l\u00e7\u00fcleri: Boy: 220 Geni\u015flik: 120 Derinlik: 50 B\u0130LG\u0130LEND\u0130RME:\u00a0Ki\u015fiye \u00f6zel \u00f6l\u00e7\u00fc ve modellerde \u00fcretim i\u00e7in bizimle ileti\u015fime ge\u00e7ebilirsiniz. \u00dcr\u00fcn Bilgisi: F\u0131r\u0131nlanm\u0131\u015f %100 Me\u015fe A\u011fac\u0131ndan Raflar. Metal kasa ve \u00e7er\u00e7eve. Kimyasal i\u00e7ermeyen \u00f6zel do\u011fal ya\u011f ile koruma [&hellip;]<\/p>","protected":false},"featured_media":14214,"comment_status":"open","ping_status":"closed","template":"","meta":{"_joinchat":[]},"product_brand":[],"product_cat":[204,217],"product_tag":[],"class_list":{"0":"post-14213","1":"product","2":"type-product","3":"status-publish","4":"has-post-thumbnail","6":"product_cat-kitaplik","7":"product_cat-kitaplik-calisma-odasi","9":"first","10":"instock","11":"taxable","12":"shipping-taxable","13":"product-type-simple"},"_links":{"self":[{"href":"https:\/\/idea-wood.com\/en\/wp-json\/wp\/v2\/product\/14213","targetHints":{"allow":["GET"]}}],"collection":[{"href":"https:\/\/idea-wood.com\/en\/wp-json\/wp\/v2\/product"}],"about":[{"href":"https:\/\/idea-wood.com\/en\/wp-json\/wp\/v2\/types\/product"}],"replies":[{"embeddable":true,"href":"https:\/\/idea-wood.com\/en\/wp-json\/wp\/v2\/comments?post=14213"}],"version-history":[{"count":2,"href":"https:\/\/idea-wood.com\/en\/wp-json\/wp\/v2\/product\/14213\/revisions"}],"predecessor-version":[{"id":14216,"href":"https:\/\/idea-wood.com\/en\/wp-json\/wp\/v2\/product\/14213\/revisions\/14216"}],"wp:featuredmedia":[{"embeddable":true,"href":"https:\/\/idea-wood.com\/en\/wp-json\/wp\/v2\/media\/14214"}],"wp:attachment":[{"href":"https:\/\/idea-wood.com\/en\/wp-json\/wp\/v2\/media?parent=14213"}],"wp:term":[{"taxonomy":"product_brand","embeddable":true,"href":"https:\/\/idea-wood.com\/en\/wp-json\/wp\/v2\/product_brand?post=14213"},{"taxonomy":"product_cat","embeddable":true,"href":"https:\/\/idea-wood.com\/en\/wp-json\/wp\/v2\/product_cat?post=14213"},{"taxonomy":"product_tag","embeddable":true,"href":"https:\/\/idea-wood.com\/en\/wp-json\/wp\/v2\/product_tag?post=14213"}],"curies":[{"name":"wp","href":"https:\/\/api.w.org\/{rel}","templated":true}]}}