{"id":14218,"date":"2026-05-05T08:56:47","date_gmt":"2026-05-05T05:56:47","guid":{"rendered":"https:\/\/idea-wood.com\/?post_type=product&#038;p=14218"},"modified":"2026-05-05T08:56:47","modified_gmt":"2026-05-05T05:56:47","slug":"zarif-orta-sehpa","status":"publish","type":"product","link":"https:\/\/idea-wood.com\/en\/product\/zarif-orta-sehpa\/","title":{"rendered":"Zarif Orta Sehpa"},"content":{"rendered":"<p><strong>Zarif Me\u015fe Orta Sehpa<\/p>\n<p><\/strong><\/p>\n<p>Me\u015fe A\u011fac\u0131n\u0131n verdi\u011fi Prestiji hissedin.<\/p>\n<p>Do\u011fal ah\u015fap \u00fcr\u00fcn\u00fcn s\u0131cakl\u0131\u011f\u0131n\u0131 evinize ta\u015f\u0131mak istiyoruz.<\/p>\n<p><strong><br \/>\n\u00dcr\u00fcn \u00d6l\u00e7\u00fcleri:<\/strong><\/p>\n<p>Boy: 100<\/p>\n<p>Geni\u015flik: 80<\/p>\n<p><strong>B\u0130LG\u0130LEND\u0130RME:<\/strong>\u00a0Ki\u015fiye \u00f6zel \u00f6l\u00e7\u00fc ve modellerde \u00fcretim i\u00e7in bizimle ileti\u015fime ge\u00e7ebilirsiniz.<\/p>\n<p><strong>\u00dcr\u00fcn Bilgisi:<\/strong><br \/>\nF\u0131r\u0131nlanm\u0131\u015f %100 Me\u015fe A\u011fa\u00e7 \u00fcst\u00fc Me\u015fe Kaplama \u00fcst tabla.<br \/>\nMe\u015fe A\u011fa\u00e7 Ayak.<br \/>\nKimyasal i\u00e7ermeyen \u00f6zel do\u011fal ya\u011f ile koruma.<\/p>\n<p><strong><br \/>\nTeslimat:<\/strong><\/p>\n<p>Ankara i\u00e7i \u00fccretsiz teslimat ve kurulum avantaj\u0131 ile sizlere hizmet veriyoruz.<\/p>\n<p>Sizlere \u00f6zel \u00fcretimimiz ile sadece 4-6 Hafta ile hayalinize kavu\u015fturuyoruz.<\/p>\n<p><strong>\u00a0<\/strong><\/p>","protected":false},"excerpt":{"rendered":"<p>Zarif Me\u015fe Orta Sehpa Me\u015fe A\u011fac\u0131n\u0131n verdi\u011fi Prestiji hissedin. Do\u011fal ah\u015fap \u00fcr\u00fcn\u00fcn s\u0131cakl\u0131\u011f\u0131n\u0131 evinize ta\u015f\u0131mak istiyoruz. \u00dcr\u00fcn \u00d6l\u00e7\u00fcleri: Boy: 100 Geni\u015flik: 80 B\u0130LG\u0130LEND\u0130RME:\u00a0Ki\u015fiye \u00f6zel \u00f6l\u00e7\u00fc ve modellerde \u00fcretim i\u00e7in bizimle ileti\u015fime ge\u00e7ebilirsiniz. \u00dcr\u00fcn Bilgisi: F\u0131r\u0131nlanm\u0131\u015f %100 Me\u015fe A\u011fa\u00e7 \u00fcst\u00fc Me\u015fe Kaplama \u00fcst tabla. Me\u015fe A\u011fa\u00e7 Ayak. Kimyasal i\u00e7ermeyen \u00f6zel do\u011fal ya\u011f ile koruma. Teslimat: Ankara [&hellip;]<\/p>","protected":false},"featured_media":14220,"comment_status":"open","ping_status":"closed","template":"","meta":{"_joinchat":[]},"product_brand":[],"product_cat":[211,218],"product_tag":[327,339,264,338,337,336,335],"class_list":{"0":"post-14218","1":"product","2":"type-product","3":"status-publish","4":"has-post-thumbnail","6":"product_cat-aksesuar","7":"product_cat-sehpa","8":"product_tag-ideawood","9":"product_tag-masif-mese-mobilya","10":"product_tag-mese-kereste-mobilya","11":"product_tag-mese-kutuk-orta-sehpa","12":"product_tag-mese-mobilya","13":"product_tag-mese-orta-sehpa","14":"product_tag-mese-sehpa","16":"first","17":"instock","18":"taxable","19":"shipping-taxable","20":"product-type-simple"},"_links":{"self":[{"href":"https:\/\/idea-wood.com\/en\/wp-json\/wp\/v2\/product\/14218","targetHints":{"allow":["GET"]}}],"collection":[{"href":"https:\/\/idea-wood.com\/en\/wp-json\/wp\/v2\/product"}],"about":[{"href":"https:\/\/idea-wood.com\/en\/wp-json\/wp\/v2\/types\/product"}],"replies":[{"embeddable":true,"href":"https:\/\/idea-wood.com\/en\/wp-json\/wp\/v2\/comments?post=14218"}],"version-history":[{"count":1,"href":"https:\/\/idea-wood.com\/en\/wp-json\/wp\/v2\/product\/14218\/revisions"}],"predecessor-version":[{"id":14221,"href":"https:\/\/idea-wood.com\/en\/wp-json\/wp\/v2\/product\/14218\/revisions\/14221"}],"wp:featuredmedia":[{"embeddable":true,"href":"https:\/\/idea-wood.com\/en\/wp-json\/wp\/v2\/media\/14220"}],"wp:attachment":[{"href":"https:\/\/idea-wood.com\/en\/wp-json\/wp\/v2\/media?parent=14218"}],"wp:term":[{"taxonomy":"product_brand","embeddable":true,"href":"https:\/\/idea-wood.com\/en\/wp-json\/wp\/v2\/product_brand?post=14218"},{"taxonomy":"product_cat","embeddable":true,"href":"https:\/\/idea-wood.com\/en\/wp-json\/wp\/v2\/product_cat?post=14218"},{"taxonomy":"product_tag","embeddable":true,"href":"https:\/\/idea-wood.com\/en\/wp-json\/wp\/v2\/product_tag?post=14218"}],"curies":[{"name":"wp","href":"https:\/\/api.w.org\/{rel}","templated":true}]}}