{"id":14222,"date":"2026-05-05T09:05:11","date_gmt":"2026-05-05T06:05:11","guid":{"rendered":"https:\/\/idea-wood.com\/?post_type=product&#038;p=14222"},"modified":"2026-05-05T09:08:27","modified_gmt":"2026-05-05T06:08:27","slug":"huni-sehpa","status":"publish","type":"product","link":"https:\/\/idea-wood.com\/en\/product\/huni-sehpa\/","title":{"rendered":"Huni Sehpa"},"content":{"rendered":"<p><strong>Huni Kestane Sehpa<\/strong><\/p>\n<p>Kestane A\u011fac\u0131n\u0131n verdi\u011fi dalgal\u0131 havay\u0131 hissedin.<\/p>\n<p>Do\u011fal ah\u015fap \u00fcr\u00fcn\u00fcn s\u0131cakl\u0131\u011f\u0131n\u0131 evinize ta\u015f\u0131mak istiyoruz.<\/p>\n<p><strong><br \/>\n\u00dcr\u00fcn \u00d6l\u00e7\u00fcleri:<\/strong><\/p>\n<p>Boy: 60<\/p>\n<p>Tabla \u00c7ap: 50<\/p>\n<p><strong>B\u0130LG\u0130LEND\u0130RME:<\/strong>\u00a0Ki\u015fiye \u00f6zel \u00f6l\u00e7\u00fc ve modellerde \u00fcretim i\u00e7in bizimle ileti\u015fime ge\u00e7ebilirsiniz.<\/p>\n<p><strong><br \/>\n\u00dcr\u00fcn Bilgisi:<\/strong><br \/>\nF\u0131r\u0131nlanm\u0131\u015f %100 Kestane A\u011fa\u00e7 \u00fcst tabla ve ayak.<br \/>\nKimyasal i\u00e7ermeyen \u00f6zel do\u011fal ya\u011f ile koruma.<\/p>\n<p><strong><br \/>\nTeslimat:<\/strong><\/p>\n<p>Ankara i\u00e7i \u00fccretsiz teslimat ve kurulum avantaj\u0131 ile sizlere hizmet veriyoruz.<\/p>\n<p>Sizlere \u00f6zel \u00fcretimimiz ile sadece 4-6 Hafta ile hayalinize kavu\u015fturuyoruz.<\/p>\n<p><strong>\u00a0<\/strong><\/p>\n<p><strong>\u00a0<\/strong><\/p>","protected":false},"excerpt":{"rendered":"<p>Huni Kestane Sehpa Kestane A\u011fac\u0131n\u0131n verdi\u011fi dalgal\u0131 havay\u0131 hissedin. Do\u011fal ah\u015fap \u00fcr\u00fcn\u00fcn s\u0131cakl\u0131\u011f\u0131n\u0131 evinize ta\u015f\u0131mak istiyoruz. \u00dcr\u00fcn \u00d6l\u00e7\u00fcleri: Boy: 60 Tabla \u00c7ap: 50 B\u0130LG\u0130LEND\u0130RME:\u00a0Ki\u015fiye \u00f6zel \u00f6l\u00e7\u00fc ve modellerde \u00fcretim i\u00e7in bizimle ileti\u015fime ge\u00e7ebilirsiniz. \u00dcr\u00fcn Bilgisi: F\u0131r\u0131nlanm\u0131\u015f %100 Kestane A\u011fa\u00e7 \u00fcst tabla ve ayak. Kimyasal i\u00e7ermeyen \u00f6zel do\u011fal ya\u011f ile koruma. Teslimat: Ankara i\u00e7i \u00fccretsiz teslimat [&hellip;]<\/p>","protected":false},"featured_media":14223,"comment_status":"open","ping_status":"closed","template":"","meta":{"_joinchat":[]},"product_brand":[],"product_cat":[211,218,219],"product_tag":[],"class_list":{"0":"post-14222","1":"product","2":"type-product","3":"status-publish","4":"has-post-thumbnail","6":"product_cat-aksesuar","7":"product_cat-sehpa","8":"product_cat-zigon-sehpa","10":"first","11":"instock","12":"taxable","13":"shipping-taxable","14":"product-type-simple"},"_links":{"self":[{"href":"https:\/\/idea-wood.com\/en\/wp-json\/wp\/v2\/product\/14222","targetHints":{"allow":["GET"]}}],"collection":[{"href":"https:\/\/idea-wood.com\/en\/wp-json\/wp\/v2\/product"}],"about":[{"href":"https:\/\/idea-wood.com\/en\/wp-json\/wp\/v2\/types\/product"}],"replies":[{"embeddable":true,"href":"https:\/\/idea-wood.com\/en\/wp-json\/wp\/v2\/comments?post=14222"}],"version-history":[{"count":5,"href":"https:\/\/idea-wood.com\/en\/wp-json\/wp\/v2\/product\/14222\/revisions"}],"predecessor-version":[{"id":14226,"href":"https:\/\/idea-wood.com\/en\/wp-json\/wp\/v2\/product\/14222\/revisions\/14226"}],"wp:featuredmedia":[{"embeddable":true,"href":"https:\/\/idea-wood.com\/en\/wp-json\/wp\/v2\/media\/14223"}],"wp:attachment":[{"href":"https:\/\/idea-wood.com\/en\/wp-json\/wp\/v2\/media?parent=14222"}],"wp:term":[{"taxonomy":"product_brand","embeddable":true,"href":"https:\/\/idea-wood.com\/en\/wp-json\/wp\/v2\/product_brand?post=14222"},{"taxonomy":"product_cat","embeddable":true,"href":"https:\/\/idea-wood.com\/en\/wp-json\/wp\/v2\/product_cat?post=14222"},{"taxonomy":"product_tag","embeddable":true,"href":"https:\/\/idea-wood.com\/en\/wp-json\/wp\/v2\/product_tag?post=14222"}],"curies":[{"name":"wp","href":"https:\/\/api.w.org\/{rel}","templated":true}]}}