{"id":14231,"date":"2026-05-05T09:42:46","date_gmt":"2026-05-05T06:42:46","guid":{"rendered":"https:\/\/idea-wood.com\/?post_type=product&#038;p=14231"},"modified":"2026-05-05T10:23:52","modified_gmt":"2026-05-05T07:23:52","slug":"lines-zigon-sehpa","status":"publish","type":"product","link":"https:\/\/idea-wood.com\/en\/product\/lines-zigon-sehpa\/","title":{"rendered":"Lines Zigon Sehpa"},"content":{"rendered":"<p><strong>Lines Me\u015fe\u00a0 Zigon Sehpa\u00a0<\/strong><\/p>\n<p>Me\u015fe A\u011fac\u0131n\u0131n Naturel dokusunu hissedin.<br \/>\nDo\u011fal ah\u015fap \u00fcr\u00fcn\u00fcn s\u0131cakl\u0131\u011f\u0131n\u0131 evinize ta\u015f\u0131mak istiyoruz.<\/p>\n<p><strong><br \/>\n\u00dcr\u00fcn \u00d6l\u00e7\u00fcleri:<\/strong><\/p>\n<p>Y\u00fckseklik:60<br \/>\n\u00c7ap: 50<\/p>\n<p><strong>B\u0130LG\u0130LEND\u0130RME:<\/strong>\u00a0Ki\u015fiye \u00f6zel \u00f6l\u00e7\u00fc ve modellerde \u00fcretim i\u00e7in bizimle ileti\u015fime ge\u00e7ebilirsiniz.<\/p>\n<p><strong><br \/>\n\u00dcr\u00fcn Bilgisi:<\/strong><br \/>\nF\u0131r\u0131nlanm\u0131\u015f %100 Me\u015fe A\u011fac\u0131ndan \u00fcst tabla.<br \/>\nMe\u015fe A\u011fac\u0131ndan Ayak.<br \/>\nKimyasal i\u00e7ermeyen \u00f6zel do\u011fal ya\u011f ile koruma.<\/p>\n<p><strong><br \/>\nTeslimat:<\/strong><\/p>\n<p>Ankara i\u00e7i \u00fccretsiz teslimat ve kurulum avantaj\u0131 ile sizlere hizmet veriyoruz.<\/p>\n<p>Sizlere \u00f6zel \u00fcretimimiz ile sadece 4-6 Hafta ile hayalinize kavu\u015fturuyoruz.<\/p>","protected":false},"excerpt":{"rendered":"<p>Lines Me\u015fe\u00a0 Zigon Sehpa\u00a0 Me\u015fe A\u011fac\u0131n\u0131n Naturel dokusunu hissedin. Do\u011fal ah\u015fap \u00fcr\u00fcn\u00fcn s\u0131cakl\u0131\u011f\u0131n\u0131 evinize ta\u015f\u0131mak istiyoruz. \u00dcr\u00fcn \u00d6l\u00e7\u00fcleri: Y\u00fckseklik:60 \u00c7ap: 50 B\u0130LG\u0130LEND\u0130RME:\u00a0Ki\u015fiye \u00f6zel \u00f6l\u00e7\u00fc ve modellerde \u00fcretim i\u00e7in bizimle ileti\u015fime ge\u00e7ebilirsiniz. \u00dcr\u00fcn Bilgisi: F\u0131r\u0131nlanm\u0131\u015f %100 Me\u015fe A\u011fac\u0131ndan \u00fcst tabla. Me\u015fe A\u011fac\u0131ndan Ayak. Kimyasal i\u00e7ermeyen \u00f6zel do\u011fal ya\u011f ile koruma. Teslimat: Ankara i\u00e7i \u00fccretsiz teslimat ve [&hellip;]<\/p>","protected":false},"featured_media":14232,"comment_status":"open","ping_status":"closed","template":"","meta":{"_joinchat":[]},"product_brand":[],"product_cat":[211,219],"product_tag":[],"class_list":{"0":"post-14231","1":"product","2":"type-product","3":"status-publish","4":"has-post-thumbnail","6":"product_cat-aksesuar","7":"product_cat-zigon-sehpa","9":"first","10":"instock","11":"taxable","12":"shipping-taxable","13":"product-type-simple"},"_links":{"self":[{"href":"https:\/\/idea-wood.com\/en\/wp-json\/wp\/v2\/product\/14231","targetHints":{"allow":["GET"]}}],"collection":[{"href":"https:\/\/idea-wood.com\/en\/wp-json\/wp\/v2\/product"}],"about":[{"href":"https:\/\/idea-wood.com\/en\/wp-json\/wp\/v2\/types\/product"}],"replies":[{"embeddable":true,"href":"https:\/\/idea-wood.com\/en\/wp-json\/wp\/v2\/comments?post=14231"}],"version-history":[{"count":1,"href":"https:\/\/idea-wood.com\/en\/wp-json\/wp\/v2\/product\/14231\/revisions"}],"predecessor-version":[{"id":14234,"href":"https:\/\/idea-wood.com\/en\/wp-json\/wp\/v2\/product\/14231\/revisions\/14234"}],"wp:featuredmedia":[{"embeddable":true,"href":"https:\/\/idea-wood.com\/en\/wp-json\/wp\/v2\/media\/14232"}],"wp:attachment":[{"href":"https:\/\/idea-wood.com\/en\/wp-json\/wp\/v2\/media?parent=14231"}],"wp:term":[{"taxonomy":"product_brand","embeddable":true,"href":"https:\/\/idea-wood.com\/en\/wp-json\/wp\/v2\/product_brand?post=14231"},{"taxonomy":"product_cat","embeddable":true,"href":"https:\/\/idea-wood.com\/en\/wp-json\/wp\/v2\/product_cat?post=14231"},{"taxonomy":"product_tag","embeddable":true,"href":"https:\/\/idea-wood.com\/en\/wp-json\/wp\/v2\/product_tag?post=14231"}],"curies":[{"name":"wp","href":"https:\/\/api.w.org\/{rel}","templated":true}]}}